{"id":39,"date":"2019-10-10T20:57:16","date_gmt":"2019-10-10T20:57:16","guid":{"rendered":"http:\/\/cardio.acxdev.com\/home\/"},"modified":"2021-04-20T18:14:00","modified_gmt":"2021-04-20T22:14:00","slug":"home","status":"publish","type":"page","link":"https:\/\/www.cardiolaval.com\/en\/","title":{"rendered":"Home"},"content":{"rendered":"<p>[et_pb_section fb_built=&#8221;1&#8243; fullwidth=&#8221;on&#8221; module_id=&#8221;home-slider&#8221; _builder_version=&#8221;4.0.4&#8243;][et_pb_fullwidth_slider admin_label=&#8221;Diaporama&#8221; _builder_version=&#8221;4.0.7&#8243;][et_pb_slide heading=&#8221;L\u2019expertise&lt;br&gt;au coeur&lt;br&gt;de votre sant\u00e9&#8221; _builder_version=&#8221;4.0.4&#8243; header_level=&#8221;h1&#8243; background_image=&#8221;https:\/\/www.cardiolaval.com\/wp-content\/uploads\/2019\/10\/cardio-slide.jpg&#8221; background_enable_image=&#8221;on&#8221; background_size=&#8221;contain&#8221; background_position=&#8221;center_left&#8221; link_option_url=&#8221;https:\/\/www.cardiolaval.com\/en\/team\/&#8221;]<\/p>\n<p>Notre \u00e9quipe multidisciplinaire des plus exp\u00e9riment\u00e9es a \u00e0 c\u0153ur de vous accompagner dans la prise en charge des maladies cardiovasculaires.<\/p>\n<p>[\/et_pb_slide][\/et_pb_fullwidth_slider][\/et_pb_section][et_pb_section fb_built=&#8221;1&#8243; _builder_version=&#8221;3.29.3&#8243; custom_padding=&#8221;90px||90px||false|false&#8221;][et_pb_row _builder_version=&#8221;4.0.4&#8243;][et_pb_column type=&#8221;4_4&#8243; _builder_version=&#8221;4.0.4&#8243;][et_pb_text admin_label=&#8221;Pour prendre RDV&#8221; _builder_version=&#8221;4.4.5&#8243; hover_enabled=&#8221;0&#8243;]<\/p>\n<h1 style=\"text-align: center;\">Pour prendre RDV<\/h1>\n<p>[\/et_pb_text][\/et_pb_column][\/et_pb_row][et_pb_row column_structure=&#8221;1_3,1_3,1_3&#8243; _builder_version=&#8221;3.29.3&#8243;][et_pb_column type=&#8221;1_3&#8243; _builder_version=&#8221;3.29.3&#8243;][et_pb_image src=&#8221;https:\/\/www.cardiolaval.com\/wp-content\/uploads\/2019\/10\/outils.png&#8221; align=&#8221;center&#8221; admin_label=&#8221;Valise&#8221; module_class=&#8221;zoom-on-hover&#8221; _builder_version=&#8221;4.4.5&#8243;][\/et_pb_image][et_pb_text admin_label=&#8221;Patients connus&#8221; module_class=&#8221;epb-heading&#8221; _builder_version=&#8221;4.4.5&#8243; header_2_font=&#8221;|||on|||||&#8221; header_2_text_align=&#8221;center&#8221; text_orientation=&#8221;center&#8221;]<\/p>\n<h2>Patients connus<\/h2>\n<p><a href=\"https:\/\/www.cardiolaval.com\/en\/contact\/#formulaire\"><strong><span style=\"text-decoration: underline;\">Cliquez ici<\/span><\/strong><\/a> pour prendre rendez-vous avec votre cardiologue attitr\u00e9.<\/p>\n<p>[\/et_pb_text][\/et_pb_column][et_pb_column type=&#8221;1_3&#8243; _builder_version=&#8221;3.29.3&#8243;][et_pb_image src=&#8221;https:\/\/www.cardiolaval.com\/wp-content\/uploads\/2019\/10\/expertise.png&#8221; align=&#8221;center&#8221; module_class=&#8221;zoom-on-hover&#8221; _builder_version=&#8221;3.29.3&#8243;][\/et_pb_image][et_pb_text admin_label=&#8221;Nouveaux patients&#8221; module_class=&#8221;epb-heading&#8221; _builder_version=&#8221;4.0.7&#8243; header_2_font=&#8221;|||on|||||&#8221; header_2_text_align=&#8221;center&#8221; text_orientation=&#8221;center&#8221;]<\/p>\n<h2>Nouveaux patients<\/h2>\n<p>Pour obtenir un RDV, faites-nous parvenir la requ\u00eate de votre m\u00e9decin de famille par t\u00e9l\u00e9copieur au <strong>450 909-9989<\/strong> ou via notre <a href=\"https:\/\/www.cardiolaval.com\/en\/contact\/#formulaire\"><span style=\"text-decoration: underline;\"><strong>formulaire de contact<\/strong><\/span><\/a>.<\/p>\n<p>[\/et_pb_text][\/et_pb_column][et_pb_column type=&#8221;1_3&#8243; _builder_version=&#8221;3.29.3&#8243;][et_pb_image src=&#8221;https:\/\/www.cardiolaval.com\/wp-content\/uploads\/2019\/10\/Groupe-64.png&#8221; align=&#8221;center&#8221; module_class=&#8221;zoom-on-hover&#8221; _builder_version=&#8221;3.29.3&#8243;][\/et_pb_image][et_pb_text admin_label=&#8221;Cardiosimulateurs&#8230;&#8221; module_class=&#8221;epb-heading&#8221; _builder_version=&#8221;4.0.4&#8243; header_2_font=&#8221;|||on|||||&#8221; header_2_text_align=&#8221;center&#8221; text_orientation=&#8221;center&#8221;]<\/p>\n<h2>Cardiosimulateurs et d\u00e9fibrillateurs<\/h2>\n<p>Pour v\u00e9rifier votre cardiostimulateur ou d\u00e9fibrillateur, contactez l\u2019H\u00f4pital de la Cit\u00e9-de-la-Sant\u00e9 de Laval qui g\u00e8re directement les RDV au <strong>450 668-1010, poste 23254<\/strong>.<\/p>\n<p>[\/et_pb_text][\/et_pb_column][\/et_pb_row][\/et_pb_section][et_pb_section fb_built=&#8221;1&#8243; _builder_version=&#8221;4.0.4&#8243; background_color=&#8221;rgba(180,221,231,0.71)&#8221; custom_padding=&#8221;90px||90px||false|false&#8221;][et_pb_row _builder_version=&#8221;4.0.4&#8243; background_color=&#8221;rgba(0,0,0,0)&#8221;][et_pb_column type=&#8221;4_4&#8243; _builder_version=&#8221;4.0.4&#8243;][et_pb_text admin_label=&#8221;Vous avez des questions ?&#8221; _builder_version=&#8221;4.0.4&#8243; header_text_align=&#8221;center&#8221; text_orientation=&#8221;center&#8221;]<\/p>\n<h1>Vous avez des questions ?<\/h1>\n<p>Consultez notre <a href=\"https:\/\/www.cardiolaval.com\/en\/faq\/\"><span style=\"text-decoration: underline;\"><strong>section FAQ<\/strong><\/span><\/a> avant de nous appeler.<\/p>\n<p>[\/et_pb_text][\/et_pb_column][\/et_pb_row][\/et_pb_section][et_pb_section fb_built=&#8221;1&#8243; _builder_version=&#8221;3.29.3&#8243; background_image=&#8221;https:\/\/www.cardiolaval.com\/wp-content\/uploads\/2019\/10\/fond-equipe.png&#8221; custom_padding=&#8221;180px||180px||false|false&#8221;][et_pb_row _builder_version=&#8221;3.29.3&#8243;][et_pb_column type=&#8221;4_4&#8243; _builder_version=&#8221;3.29.3&#8243;][et_pb_text admin_label=&#8221;Une \u00e9quipe dynamique et d\u00e9vou\u00e9e&#8221; module_class=&#8221;lc-heading&#8221; _builder_version=&#8221;3.29.3&#8243; header_text_align=&#8221;center&#8221; header_text_color=&#8221;#ffffff&#8221; header_font_size=&#8221;48px&#8221; custom_margin=&#8221;||60px||false|false&#8221;]<\/p>\n<h1>Une \u00e9quipe dynamique et d\u00e9vou\u00e9e<\/h1>\n<p>[\/et_pb_text][et_pb_button button_url=&#8221;https:\/\/www.cardiolaval.com\/en\/team\/&#8221; button_text=&#8221;EN SAVOIR PLUS&#8221; button_alignment=&#8221;center&#8221; module_class=&#8221;acx-btn-light&#8221; _builder_version=&#8221;3.29.3&#8243; custom_button=&#8221;on&#8221; button_border_radius=&#8221;7px&#8221; button_use_icon=&#8221;off&#8221; background_layout=&#8221;dark&#8221;][\/et_pb_button][\/et_pb_column][\/et_pb_row][\/et_pb_section][et_pb_section fb_built=&#8221;1&#8243; module_class=&#8221;acx-service-section&#8221; _builder_version=&#8221;4.3.4&#8243; custom_padding=&#8221;60px||60px||false|false&#8221;][et_pb_row column_structure=&#8221;1_2,1_2&#8243; use_custom_gutter=&#8221;on&#8221; gutter_width=&#8221;1&#8243; make_equal=&#8221;on&#8221; _builder_version=&#8221;4.3.4&#8243;][et_pb_column type=&#8221;1_2&#8243; module_class=&#8221;acx-mh&#8221; _builder_version=&#8221;4.3.4&#8243; background_image=&#8221;https:\/\/www.cardiolaval.com\/wp-content\/uploads\/2020\/03\/consultation-cardiologie.jpg&#8221;][\/et_pb_column][et_pb_column type=&#8221;1_2&#8243; _builder_version=&#8221;3.29.3&#8243; background_color=&#8221;#253746&#8243; custom_padding=&#8221;45px|60px|45px|60px|false|false&#8221;][et_pb_text admin_label=&#8221;Consultations et diagnostic&#8230;&#8221; module_class=&#8221;ul-heading three-lines&#8221; _builder_version=&#8221;4.3.4&#8243; text_text_color=&#8221;#ffffff&#8221; header_2_text_color=&#8221;#ffffff&#8221; header_2_font_size=&#8221;28px&#8221;]<\/p>\n<h2>Consultations et diagnostic en cardiologie<\/h2>\n<hr class=\"custom-sep\">\nVous avez des sympt\u00f4mes associ\u00e9s aux maladies cardiovasculaires et votre m\u00e9decin souhaite avoir un diagnostic sur le fonctionnement de votre c\u0153ur ? Notre clinique offre un service d\u2019\u00e9valuation avec \u00e9lectrocardiogramme (ECG) \u00e0 l\u2019effort, en plus d\u2019un suivi r\u00e9gulier avec votre cardiologue attitr\u00e9 afin de prendre en charge les facteurs de risque cardiovasculaires.[\/et_pb_text][\/et_pb_column][\/et_pb_row][et_pb_row column_structure=&#8221;1_2,1_2&#8243; use_custom_gutter=&#8221;on&#8221; gutter_width=&#8221;1&#8243; make_equal=&#8221;on&#8221; _builder_version=&#8221;4.3.4&#8243;][et_pb_column type=&#8221;1_2&#8243; _builder_version=&#8221;3.29.3&#8243; background_color=&#8221;#f4f4f4&#8243; custom_padding=&#8221;45px|60px|45px|60px|false|false&#8221;][et_pb_text admin_label=&#8221;\u00c9lectrocardiogramme&#8230;&#8221; module_class=&#8221;ul-heading two-lines dark&#8221; _builder_version=&#8221;4.3.4&#8243; text_text_color=&#8221;#253746&#8243; header_text_color=&#8221;#253746&#8243; header_2_text_color=&#8221;#253746&#8243; header_2_font_size=&#8221;28px&#8221;]<\/p>\n<h2>\u00c9lectrocardiogramme (ECG) \u00e0 l\u2019effort<\/h2>\n<hr class=\"custom-sep-dark\">\n<p>L\u2019\u00e9lectrocardiogramme (ECG) \u00e0 l\u2019effort est un examen qui permet de tester le c\u0153ur au cours d\u2019un exercice physique soutenu. Un technologue vous demandera de marcher sur un tapis roulant en relevant diff\u00e9rents d\u00e9fis qui permettront d\u2019enregistrer l\u2019activit\u00e9 \u00e9lectrique du c\u0153ur, la pression art\u00e9rielle et le rythme cardiaque en vue d\u2019\u00e9tablir un diagnostic.<\/p>\n<p>[\/et_pb_text][\/et_pb_column][et_pb_column type=&#8221;1_2&#8243; module_class=&#8221;acx-mh&#8221; _builder_version=&#8221;4.3.4&#8243; background_enable_color=&#8221;off&#8221; background_image=&#8221;https:\/\/www.cardiolaval.com\/wp-content\/uploads\/2020\/03\/electrocardiogramme.jpg&#8221; custom_padding=&#8221;||||false|false&#8221;][\/et_pb_column][\/et_pb_row][et_pb_row column_structure=&#8221;1_2,1_2&#8243; use_custom_gutter=&#8221;on&#8221; gutter_width=&#8221;1&#8243; make_equal=&#8221;on&#8221; _builder_version=&#8221;4.3.4&#8243;][et_pb_column type=&#8221;1_2&#8243; module_class=&#8221;acx-mh&#8221; _builder_version=&#8221;4.3.4&#8243; background_image=&#8221;https:\/\/www.cardiolaval.com\/wp-content\/uploads\/2020\/03\/consultation-cardiologie.jpg&#8221;][\/et_pb_column][et_pb_column type=&#8221;1_2&#8243; _builder_version=&#8221;3.29.3&#8243; background_color=&#8221;#253746&#8243; custom_padding=&#8221;45px|60px|45px|60px|false|false&#8221;][et_pb_text admin_label=&#8221;Cardiostimulateurs&#8230;&#8221; module_class=&#8221;ul-heading two-lines&#8221; _builder_version=&#8221;4.3.4&#8243; text_text_color=&#8221;#ffffff&#8221; header_2_text_color=&#8221;#ffffff&#8221; header_2_font_size=&#8221;28px&#8221;]<\/p>\n<h2>Cardiostimulateurs et d\u00e9fibrillateurs<\/h2>\n<hr class=\"custom-sep\">\n<p>Notre clinique accueille les services de l\u2019H\u00f4pital de la Cit\u00e9-de-la-Sant\u00e9 de Laval dans ses locaux pour la v\u00e9rification des cardiostimulateurs et d\u00e9fibrillateurs. Celui-ci g\u00e8re directement les RDV pour les patients qui souhaitent faire leur suivi au 450 668-1010, poste 23254. Pour toute question ou pour parler \u00e0 une technicienne, appelez le 450 668-1010, poste 23884.<\/p>\n<p>[\/et_pb_text][\/et_pb_column][\/et_pb_row][\/et_pb_section]<\/p>\n","protected":false},"excerpt":{"rendered":"<p>Notre \u00e9quipe multidisciplinaire des plus exp\u00e9riment\u00e9es a \u00e0 c\u0153ur de vous accompagner dans la prise en charge des maladies cardiovasculaires.Pour prendre RDV Patients connus Cliquez ici pour prendre rendez-vous avec votre cardiologue attitr\u00e9.Nouveaux patients Pour obtenir un RDV, faites-nous parvenir la requ\u00eate de votre m\u00e9decin de famille par t\u00e9l\u00e9copieur au 450 909-9989 ou via notre [&hellip;]<\/p>\n","protected":false},"author":1,"featured_media":0,"parent":0,"menu_order":0,"comment_status":"closed","ping_status":"closed","template":"","meta":{"_et_pb_use_builder":"on","_et_pb_old_content":"","_et_gb_content_width":"","footnotes":""},"class_list":["post-39","page","type-page","status-publish","hentry"],"yoast_head":"<!-- This site is optimized with the Yoast SEO plugin v27.3 - https:\/\/yoast.com\/product\/yoast-seo-wordpress\/ -->\n<title>Home - Clinique cardiologique de Laval<\/title>\n<meta name=\"robots\" content=\"index, follow, max-snippet:-1, max-image-preview:large, max-video-preview:-1\" \/>\n<link rel=\"canonical\" href=\"https:\/\/www.cardiolaval.com\/en\/\" \/>\n<meta property=\"og:locale\" content=\"en_US\" \/>\n<meta property=\"og:type\" content=\"article\" \/>\n<meta property=\"og:title\" content=\"Home - Clinique cardiologique de Laval\" \/>\n<meta property=\"og:description\" content=\"Notre \u00e9quipe multidisciplinaire des plus exp\u00e9riment\u00e9es a \u00e0 c\u0153ur de vous accompagner dans la prise en charge des maladies cardiovasculaires.Pour prendre RDV Patients connus Cliquez ici pour prendre rendez-vous avec votre cardiologue attitr\u00e9.Nouveaux patients Pour obtenir un RDV, faites-nous parvenir la requ\u00eate de votre m\u00e9decin de famille par t\u00e9l\u00e9copieur au 450 909-9989 ou via notre [&hellip;]\" \/>\n<meta property=\"og:url\" content=\"https:\/\/www.cardiolaval.com\/en\/\" \/>\n<meta property=\"og:site_name\" content=\"Clinique cardiologique de Laval\" \/>\n<meta property=\"article:modified_time\" content=\"2021-04-20T22:14:00+00:00\" \/>\n<meta name=\"twitter:card\" content=\"summary_large_image\" \/>\n<meta name=\"twitter:label1\" content=\"Est. reading time\" \/>\n\t<meta name=\"twitter:data1\" content=\"5 minutes\" \/>\n<script type=\"application\/ld+json\" class=\"yoast-schema-graph\">{\"@context\":\"https:\\\/\\\/schema.org\",\"@graph\":[{\"@type\":\"WebPage\",\"@id\":\"https:\\\/\\\/www.cardiolaval.com\\\/en\\\/\",\"url\":\"https:\\\/\\\/www.cardiolaval.com\\\/en\\\/\",\"name\":\"Home - Clinique cardiologique de Laval\",\"isPartOf\":{\"@id\":\"https:\\\/\\\/www.cardiolaval.com\\\/en\\\/#website\"},\"datePublished\":\"2019-10-10T20:57:16+00:00\",\"dateModified\":\"2021-04-20T22:14:00+00:00\",\"breadcrumb\":{\"@id\":\"https:\\\/\\\/www.cardiolaval.com\\\/en\\\/#breadcrumb\"},\"inLanguage\":\"en-US\",\"potentialAction\":[{\"@type\":\"ReadAction\",\"target\":[\"https:\\\/\\\/www.cardiolaval.com\\\/en\\\/\"]}]},{\"@type\":\"BreadcrumbList\",\"@id\":\"https:\\\/\\\/www.cardiolaval.com\\\/en\\\/#breadcrumb\",\"itemListElement\":[{\"@type\":\"ListItem\",\"position\":1,\"name\":\"Accueil\",\"item\":\"https:\\\/\\\/www.cardiolaval.com\\\/en\\\/\"},{\"@type\":\"ListItem\",\"position\":2,\"name\":\"Home\"}]},{\"@type\":\"WebSite\",\"@id\":\"https:\\\/\\\/www.cardiolaval.com\\\/en\\\/#website\",\"url\":\"https:\\\/\\\/www.cardiolaval.com\\\/en\\\/\",\"name\":\"Clinique cardiologique de Laval\",\"description\":\"L&#039;expertise au coeur de votre sant\u00e9\",\"publisher\":{\"@id\":\"https:\\\/\\\/www.cardiolaval.com\\\/en\\\/#organization\"},\"potentialAction\":[{\"@type\":\"SearchAction\",\"target\":{\"@type\":\"EntryPoint\",\"urlTemplate\":\"https:\\\/\\\/www.cardiolaval.com\\\/en\\\/?s={search_term_string}\"},\"query-input\":{\"@type\":\"PropertyValueSpecification\",\"valueRequired\":true,\"valueName\":\"search_term_string\"}}],\"inLanguage\":\"en-US\"},{\"@type\":\"Organization\",\"@id\":\"https:\\\/\\\/www.cardiolaval.com\\\/en\\\/#organization\",\"name\":\"Clinique cardiologique de Laval\",\"url\":\"https:\\\/\\\/www.cardiolaval.com\\\/en\\\/\",\"logo\":{\"@type\":\"ImageObject\",\"inLanguage\":\"en-US\",\"@id\":\"https:\\\/\\\/www.cardiolaval.com\\\/en\\\/#\\\/schema\\\/logo\\\/image\\\/\",\"url\":\"https:\\\/\\\/www.cardiolaval.com\\\/wp-content\\\/uploads\\\/2019\\\/10\\\/logo.png\",\"contentUrl\":\"https:\\\/\\\/www.cardiolaval.com\\\/wp-content\\\/uploads\\\/2019\\\/10\\\/logo.png\",\"width\":283,\"height\":79,\"caption\":\"Clinique cardiologique de Laval\"},\"image\":{\"@id\":\"https:\\\/\\\/www.cardiolaval.com\\\/en\\\/#\\\/schema\\\/logo\\\/image\\\/\"}}]}<\/script>\n<!-- \/ Yoast SEO plugin. -->","yoast_head_json":{"title":"Home - Clinique cardiologique de Laval","robots":{"index":"index","follow":"follow","max-snippet":"max-snippet:-1","max-image-preview":"max-image-preview:large","max-video-preview":"max-video-preview:-1"},"canonical":"https:\/\/www.cardiolaval.com\/en\/","og_locale":"en_US","og_type":"article","og_title":"Home - Clinique cardiologique de Laval","og_description":"Notre \u00e9quipe multidisciplinaire des plus exp\u00e9riment\u00e9es a \u00e0 c\u0153ur de vous accompagner dans la prise en charge des maladies cardiovasculaires.Pour prendre RDV Patients connus Cliquez ici pour prendre rendez-vous avec votre cardiologue attitr\u00e9.Nouveaux patients Pour obtenir un RDV, faites-nous parvenir la requ\u00eate de votre m\u00e9decin de famille par t\u00e9l\u00e9copieur au 450 909-9989 ou via notre [&hellip;]","og_url":"https:\/\/www.cardiolaval.com\/en\/","og_site_name":"Clinique cardiologique de Laval","article_modified_time":"2021-04-20T22:14:00+00:00","twitter_card":"summary_large_image","twitter_misc":{"Est. reading time":"5 minutes"},"schema":{"@context":"https:\/\/schema.org","@graph":[{"@type":"WebPage","@id":"https:\/\/www.cardiolaval.com\/en\/","url":"https:\/\/www.cardiolaval.com\/en\/","name":"Home - Clinique cardiologique de Laval","isPartOf":{"@id":"https:\/\/www.cardiolaval.com\/en\/#website"},"datePublished":"2019-10-10T20:57:16+00:00","dateModified":"2021-04-20T22:14:00+00:00","breadcrumb":{"@id":"https:\/\/www.cardiolaval.com\/en\/#breadcrumb"},"inLanguage":"en-US","potentialAction":[{"@type":"ReadAction","target":["https:\/\/www.cardiolaval.com\/en\/"]}]},{"@type":"BreadcrumbList","@id":"https:\/\/www.cardiolaval.com\/en\/#breadcrumb","itemListElement":[{"@type":"ListItem","position":1,"name":"Accueil","item":"https:\/\/www.cardiolaval.com\/en\/"},{"@type":"ListItem","position":2,"name":"Home"}]},{"@type":"WebSite","@id":"https:\/\/www.cardiolaval.com\/en\/#website","url":"https:\/\/www.cardiolaval.com\/en\/","name":"Clinique cardiologique de Laval","description":"L&#039;expertise au coeur de votre sant\u00e9","publisher":{"@id":"https:\/\/www.cardiolaval.com\/en\/#organization"},"potentialAction":[{"@type":"SearchAction","target":{"@type":"EntryPoint","urlTemplate":"https:\/\/www.cardiolaval.com\/en\/?s={search_term_string}"},"query-input":{"@type":"PropertyValueSpecification","valueRequired":true,"valueName":"search_term_string"}}],"inLanguage":"en-US"},{"@type":"Organization","@id":"https:\/\/www.cardiolaval.com\/en\/#organization","name":"Clinique cardiologique de Laval","url":"https:\/\/www.cardiolaval.com\/en\/","logo":{"@type":"ImageObject","inLanguage":"en-US","@id":"https:\/\/www.cardiolaval.com\/en\/#\/schema\/logo\/image\/","url":"https:\/\/www.cardiolaval.com\/wp-content\/uploads\/2019\/10\/logo.png","contentUrl":"https:\/\/www.cardiolaval.com\/wp-content\/uploads\/2019\/10\/logo.png","width":283,"height":79,"caption":"Clinique cardiologique de Laval"},"image":{"@id":"https:\/\/www.cardiolaval.com\/en\/#\/schema\/logo\/image\/"}}]}},"_links":{"self":[{"href":"https:\/\/www.cardiolaval.com\/en\/wp-json\/wp\/v2\/pages\/39","targetHints":{"allow":["GET"]}}],"collection":[{"href":"https:\/\/www.cardiolaval.com\/en\/wp-json\/wp\/v2\/pages"}],"about":[{"href":"https:\/\/www.cardiolaval.com\/en\/wp-json\/wp\/v2\/types\/page"}],"author":[{"embeddable":true,"href":"https:\/\/www.cardiolaval.com\/en\/wp-json\/wp\/v2\/users\/1"}],"replies":[{"embeddable":true,"href":"https:\/\/www.cardiolaval.com\/en\/wp-json\/wp\/v2\/comments?post=39"}],"version-history":[{"count":3,"href":"https:\/\/www.cardiolaval.com\/en\/wp-json\/wp\/v2\/pages\/39\/revisions"}],"predecessor-version":[{"id":488,"href":"https:\/\/www.cardiolaval.com\/en\/wp-json\/wp\/v2\/pages\/39\/revisions\/488"}],"wp:attachment":[{"href":"https:\/\/www.cardiolaval.com\/en\/wp-json\/wp\/v2\/media?parent=39"}],"curies":[{"name":"wp","href":"https:\/\/api.w.org\/{rel}","templated":true}]}}