{"id":49,"date":"2019-10-10T20:58:22","date_gmt":"2019-10-10T20:58:22","guid":{"rendered":"http:\/\/cardio.acxdev.com\/services\/"},"modified":"2020-03-04T22:33:56","modified_gmt":"2020-03-04T22:33:56","slug":"services","status":"publish","type":"page","link":"https:\/\/www.cardiolaval.com\/en\/services\/","title":{"rendered":"Services"},"content":{"rendered":"<p>[et_pb_section fb_built=&#8221;1&#8243; _builder_version=&#8221;3.29.3&#8243; background_color=&#8221;#77c5d5&#8243; custom_padding=&#8221;60px||60px||false|false&#8221;][et_pb_row _builder_version=&#8221;3.29.3&#8243;][et_pb_column type=&#8221;4_4&#8243; _builder_version=&#8221;3.29.3&#8243;][et_pb_text admin_label=&#8221;Titre de page&#8221; module_class=&#8221;lc-heading&#8221; _builder_version=&#8221;3.29.3&#8243; text_text_color=&#8221;#ffffff&#8221; header_text_align=&#8221;left&#8221; header_text_color=&#8221;#ffffff&#8221; header_font_size=&#8221;60px&#8221; text_orientation=&#8221;center&#8221;]<\/p>\n<h1>Services<\/h1>\n<p>[\/et_pb_text][\/et_pb_column][\/et_pb_row][\/et_pb_section][et_pb_section fb_built=&#8221;1&#8243; _builder_version=&#8221;3.29.3&#8243; custom_padding=&#8221;90px||90px||false|false&#8221;][et_pb_row _builder_version=&#8221;3.29.3&#8243; custom_margin=&#8221;||45px||false|false&#8221;][et_pb_column type=&#8221;4_4&#8243; _builder_version=&#8221;3.29.3&#8243;][et_pb_text module_class=&#8221;epb-heading&#8221; _builder_version=&#8221;4.0.4&#8243;]<\/p>\n<h1>Au service de la sant\u00e9 de votre c\u0153ur<\/h1>\n<p>La Clinique cardiologique de Laval intervient dans le diagnostic, le traitement et le suivi des maladies cardiovasculaires \u00e0 la demande de votre m\u00e9decin de famille. Que vous ayez \u00e9t\u00e9 hospitalis\u00e9 pour un probl\u00e8me cardiaque ou que vous pr\u00e9sentiez des sympt\u00f4mes tels qu\u2019essoufflement \u00e0 l\u2019effort ou palpitations du c\u0153ur, votre m\u00e9decin de famille souhaitera s\u2019assurer du fonctionnement de votre c\u0153ur pour vous apporter le soutien m\u00e9dical n\u00e9cessaire. <a href=\"https:\/\/www.cardiolaval.com\/en\/team\/\"><strong><u>Notre \u00e9quipe<\/u><\/strong><\/a> de professionnels vous prend en charge afin d\u2019\u00e9tablir un diagnostic qui participera \u00e0 la r\u00e9duction des facteurs de risque li\u00e9s aux maladies cardiovasculaires et \u00e0 la pr\u00e9vention d\u2019\u00e9ventuelles complications.<\/p>\n<p>[\/et_pb_text][\/et_pb_column][\/et_pb_row][\/et_pb_section][et_pb_section fb_built=&#8221;1&#8243; _builder_version=&#8221;4.0.4&#8243; background_color=&#8221;#253746&#8243; custom_padding=&#8221;90px||90px||false|false&#8221;][et_pb_row column_structure=&#8221;1_2,1_2&#8243; use_custom_gutter=&#8221;on&#8221; gutter_width=&#8221;1&#8243; make_equal=&#8221;on&#8221; _builder_version=&#8221;4.3.4&#8243; hover_enabled=&#8221;0&#8243;][et_pb_column type=&#8221;1_2&#8243; _builder_version=&#8221;4.3.4&#8243; background_image=&#8221;https:\/\/www.cardiolaval.com\/wp-content\/uploads\/2020\/03\/consultation-cardiologie.jpg&#8221; hover_enabled=&#8221;0&#8243;][\/et_pb_column][et_pb_column type=&#8221;1_2&#8243; _builder_version=&#8221;3.29.3&#8243; background_color=&#8221;#253746&#8243; custom_padding=&#8221;45px|60px|45px|60px|false|false&#8221;][et_pb_text admin_label=&#8221;Consultations&#8230;&#8221; module_class=&#8221;ul-heading two-lines&#8221; _builder_version=&#8221;4.0.4&#8243; text_text_color=&#8221;#ffffff&#8221; header_2_text_color=&#8221;#ffffff&#8221; header_2_font_size=&#8221;28px&#8221;]<\/p>\n<h2>Consultations en cardiologie<\/h2>\n<p>Notre <a href=\"https:\/\/www.cardiolaval.com\/en\/team\/\"><strong><span style=\"text-decoration: underline;\">\u00e9quipe de cardiologues<\/span><\/strong><\/a> vous re\u00e7oit en consultation pour un suivi hebdomadaire, mensuel ou annuel afin de vous accompagner dans le traitement des maladies cardiovasculaires. Lors de votre premi\u00e8re rencontre, nous vous assignerons un cardiologue qui vous suivra tout le long du processus. \u00c0 chaque rencontre, vous passerez un \u00e9lectrocardiogramme (ECG) au repos qui permettra au cardiologue de v\u00e9rifier l\u2019activit\u00e9 \u00e9lectrique de votre c\u0153ur.<\/p>\n<p>[\/et_pb_text][\/et_pb_column][\/et_pb_row][\/et_pb_section][et_pb_section fb_built=&#8221;1&#8243; _builder_version=&#8221;4.0.4&#8243; background_color=&#8221;#F4F4F4&#8243; custom_padding=&#8221;90px||90px||false|false&#8221;][et_pb_row column_structure=&#8221;1_2,1_2&#8243; use_custom_gutter=&#8221;on&#8221; gutter_width=&#8221;1&#8243; make_equal=&#8221;on&#8221; _builder_version=&#8221;4.3.4&#8243; hover_enabled=&#8221;0&#8243;][et_pb_column type=&#8221;1_2&#8243; _builder_version=&#8221;3.29.3&#8243; background_color=&#8221;#f4f4f4&#8243; custom_padding=&#8221;45px|60px|45px|60px|false|false&#8221;][et_pb_text admin_label=&#8221;\u00c9lectrocardiogramme&#8230;&#8221; module_class=&#8221;ul-heading three-lines dark&#8221; _builder_version=&#8221;4.0.4&#8243; text_text_color=&#8221;#253746&#8243; header_text_color=&#8221;#253746&#8243; header_2_text_color=&#8221;#253746&#8243; header_2_font_size=&#8221;28px&#8221;]<\/p>\n<h2>Consultations avec \u00e9lectrocardiogramme (ECG) \u00e0 l\u2019effort<\/h2>\n<p>Notre clinique vous accueille \u00e9galement pour passer des tests \u00e0 l\u2019effort \u00e0 l\u2019aide d\u2019un \u00e9lectrocardiogramme (ECG) afin d\u2019\u00e9tablir un diagnostic sur votre condition cardiaque. Suite aux r\u00e9sultats enregistr\u00e9s sur la fr\u00e9quence cardiaque et le rythme de votre c\u0153ur, <span style=\"text-decoration: underline;\"><strong><a href=\"https:\/\/www.cardiolaval.com\/en\/team\/\">notre \u00e9quipe<\/a><\/strong><\/span> sera en mesure de d\u00e9terminer si vous souffrez d\u2019une maladie cardiaque ou si vous pr\u00e9sentez des facteurs de risque. Ainsi, votre m\u00e9decin pourra vous traiter ad\u00e9quatement.<\/p>\n<p>[\/et_pb_text][\/et_pb_column][et_pb_column type=&#8221;1_2&#8243; _builder_version=&#8221;4.3.4&#8243; background_enable_color=&#8221;off&#8221; background_image=&#8221;https:\/\/www.cardiolaval.com\/wp-content\/uploads\/2020\/03\/electrocardiogramme.jpg&#8221; custom_padding=&#8221;||||false|false&#8221; hover_enabled=&#8221;0&#8243;][\/et_pb_column][\/et_pb_row][\/et_pb_section][et_pb_section fb_built=&#8221;1&#8243; _builder_version=&#8221;4.0.4&#8243; background_color=&#8221;#253746&#8243; custom_padding=&#8221;90px||90px||false|false&#8221;][et_pb_row column_structure=&#8221;1_2,1_2&#8243; use_custom_gutter=&#8221;on&#8221; gutter_width=&#8221;1&#8243; make_equal=&#8221;on&#8221; _builder_version=&#8221;4.3.4&#8243; hover_enabled=&#8221;0&#8243;][et_pb_column type=&#8221;1_2&#8243; _builder_version=&#8221;4.3.4&#8243; background_image=&#8221;https:\/\/www.cardiolaval.com\/wp-content\/uploads\/2020\/03\/consultation-cardiologie.jpg&#8221; hover_enabled=&#8221;0&#8243;][\/et_pb_column][et_pb_column type=&#8221;1_2&#8243; _builder_version=&#8221;3.29.3&#8243; background_color=&#8221;#253746&#8243; custom_padding=&#8221;45px|60px|45px|60px|false|false&#8221;][et_pb_text admin_label=&#8221;Cardiostimulateurs&#8230;&#8221; module_class=&#8221;ul-heading three-lines&#8221; _builder_version=&#8221;4.0.4&#8243; text_text_color=&#8221;#ffffff&#8221; header_2_text_color=&#8221;#ffffff&#8221; header_2_font_size=&#8221;28px&#8221;]<\/p>\n<h2>Prise en charge des maladies cardiovasculaires<\/h2>\n<p><span style=\"color: #ff0000;\"><strong>TEXTE \u00c0 VENIR<\/strong><\/span> Notre clinique accueille les services de l\u2019H\u00f4pital de la Cit\u00e9-de-la-Sant\u00e9 de Laval dans ses locaux pour la v\u00e9rification des cardiostimulateurs et d\u00e9fibrillateurs. Celui-ci g\u00e8re directement les RDV pour les patients qui souhaitent faire leur suivi au 450 668-1010, poste 23254. Pour toute question ou pour parler \u00e0 une technicienne, appelez-le 450 668-1010, poste 23884.<\/p>\n<p>[\/et_pb_text][\/et_pb_column][\/et_pb_row][\/et_pb_section][et_pb_section fb_built=&#8221;1&#8243; _builder_version=&#8221;3.29.3&#8243; background_image=&#8221;https:\/\/www.cardiolaval.com\/wp-content\/uploads\/2019\/10\/fond-equipe.png&#8221; custom_padding=&#8221;180px||180px||false|false&#8221;][et_pb_row _builder_version=&#8221;3.29.3&#8243;][et_pb_column type=&#8221;4_4&#8243; _builder_version=&#8221;3.29.3&#8243;][et_pb_text admin_label=&#8221;Contactez-nous maintenant pour un rendez-vous!&#8221; module_class=&#8221;lc-heading&#8221; _builder_version=&#8221;3.29.3&#8243; text_text_color=&#8221;#ffffff&#8221; header_text_align=&#8221;center&#8221; header_text_color=&#8221;#ffffff&#8221; header_font_size=&#8221;48px&#8221; header_2_text_align=&#8221;center&#8221; header_2_text_color=&#8221;#ffffff&#8221; text_orientation=&#8221;center&#8221; custom_margin=&#8221;||60px||false|false&#8221;]<\/p>\n<h1>Vous souhaitez prendre un RDV ?<\/h1>\n<p>Consultez notre section FAQ pour savoir comment proc\u00e9der.<\/p>\n<p>[\/et_pb_text][et_pb_button button_url=&#8221;https:\/\/www.cardiolaval.com\/en\/faq\/&#8221; button_text=&#8221;PRENDRE RENDEZ-VOUS&#8221; button_alignment=&#8221;center&#8221; module_class=&#8221;acx-btn-light&#8221; _builder_version=&#8221;3.29.3&#8243; custom_button=&#8221;on&#8221; button_border_radius=&#8221;7px&#8221; button_use_icon=&#8221;off&#8221; background_layout=&#8221;dark&#8221;][\/et_pb_button][\/et_pb_column][\/et_pb_row][\/et_pb_section]<\/p>\n","protected":false},"excerpt":{"rendered":"<p>ServicesAu service de la sant\u00e9 de votre c\u0153ur La Clinique cardiologique de Laval intervient dans le diagnostic, le traitement et le suivi des maladies cardiovasculaires \u00e0 la demande de votre m\u00e9decin de famille. Que vous ayez \u00e9t\u00e9 hospitalis\u00e9 pour un probl\u00e8me cardiaque ou que vous pr\u00e9sentiez des sympt\u00f4mes tels qu\u2019essoufflement \u00e0 l\u2019effort ou palpitations du [&hellip;]<\/p>\n","protected":false},"author":1,"featured_media":0,"parent":0,"menu_order":0,"comment_status":"closed","ping_status":"closed","template":"","meta":{"_et_pb_use_builder":"on","_et_pb_old_content":"","_et_gb_content_width":"","footnotes":""},"class_list":["post-49","page","type-page","status-publish","hentry"],"yoast_head":"<!-- This site is optimized with the Yoast SEO plugin v27.2 - https:\/\/yoast.com\/product\/yoast-seo-wordpress\/ -->\n<title>Services - Clinique cardiologique de Laval<\/title>\n<meta name=\"robots\" content=\"index, follow, max-snippet:-1, max-image-preview:large, max-video-preview:-1\" \/>\n<link rel=\"canonical\" href=\"https:\/\/www.cardiolaval.com\/en\/services\/\" \/>\n<meta property=\"og:locale\" content=\"en_US\" \/>\n<meta property=\"og:type\" content=\"article\" \/>\n<meta property=\"og:title\" content=\"Services - Clinique cardiologique de Laval\" \/>\n<meta property=\"og:description\" content=\"ServicesAu service de la sant\u00e9 de votre c\u0153ur La Clinique cardiologique de Laval intervient dans le diagnostic, le traitement et le suivi des maladies cardiovasculaires \u00e0 la demande de votre m\u00e9decin de famille. Que vous ayez \u00e9t\u00e9 hospitalis\u00e9 pour un probl\u00e8me cardiaque ou que vous pr\u00e9sentiez des sympt\u00f4mes tels qu\u2019essoufflement \u00e0 l\u2019effort ou palpitations du [&hellip;]\" \/>\n<meta property=\"og:url\" content=\"https:\/\/www.cardiolaval.com\/en\/services\/\" \/>\n<meta property=\"og:site_name\" content=\"Clinique cardiologique de Laval\" \/>\n<meta property=\"article:modified_time\" content=\"2020-03-04T22:33:56+00:00\" \/>\n<meta name=\"twitter:card\" content=\"summary_large_image\" \/>\n<meta name=\"twitter:label1\" content=\"Est. reading time\" \/>\n\t<meta name=\"twitter:data1\" content=\"5 minutes\" \/>\n<script type=\"application\/ld+json\" class=\"yoast-schema-graph\">{\"@context\":\"https:\/\/schema.org\",\"@graph\":[{\"@type\":\"WebPage\",\"@id\":\"https:\/\/www.cardiolaval.com\/en\/services\/\",\"url\":\"https:\/\/www.cardiolaval.com\/en\/services\/\",\"name\":\"Services - Clinique cardiologique de Laval\",\"isPartOf\":{\"@id\":\"https:\/\/www.cardiolaval.com\/en\/#website\"},\"datePublished\":\"2019-10-10T20:58:22+00:00\",\"dateModified\":\"2020-03-04T22:33:56+00:00\",\"breadcrumb\":{\"@id\":\"https:\/\/www.cardiolaval.com\/en\/services\/#breadcrumb\"},\"inLanguage\":\"en-US\",\"potentialAction\":[{\"@type\":\"ReadAction\",\"target\":[\"https:\/\/www.cardiolaval.com\/en\/services\/\"]}]},{\"@type\":\"BreadcrumbList\",\"@id\":\"https:\/\/www.cardiolaval.com\/en\/services\/#breadcrumb\",\"itemListElement\":[{\"@type\":\"ListItem\",\"position\":1,\"name\":\"Accueil\",\"item\":\"https:\/\/www.cardiolaval.com\/en\/\"},{\"@type\":\"ListItem\",\"position\":2,\"name\":\"Services\"}]},{\"@type\":\"WebSite\",\"@id\":\"https:\/\/www.cardiolaval.com\/en\/#website\",\"url\":\"https:\/\/www.cardiolaval.com\/en\/\",\"name\":\"Clinique cardiologique de Laval\",\"description\":\"L&#039;expertise au coeur de votre sant\u00e9\",\"publisher\":{\"@id\":\"https:\/\/www.cardiolaval.com\/en\/#organization\"},\"potentialAction\":[{\"@type\":\"SearchAction\",\"target\":{\"@type\":\"EntryPoint\",\"urlTemplate\":\"https:\/\/www.cardiolaval.com\/en\/?s={search_term_string}\"},\"query-input\":{\"@type\":\"PropertyValueSpecification\",\"valueRequired\":true,\"valueName\":\"search_term_string\"}}],\"inLanguage\":\"en-US\"},{\"@type\":\"Organization\",\"@id\":\"https:\/\/www.cardiolaval.com\/en\/#organization\",\"name\":\"Clinique cardiologique de Laval\",\"url\":\"https:\/\/www.cardiolaval.com\/en\/\",\"logo\":{\"@type\":\"ImageObject\",\"inLanguage\":\"en-US\",\"@id\":\"https:\/\/www.cardiolaval.com\/en\/#\/schema\/logo\/image\/\",\"url\":\"https:\/\/www.cardiolaval.com\/wp-content\/uploads\/2019\/10\/logo.png\",\"contentUrl\":\"https:\/\/www.cardiolaval.com\/wp-content\/uploads\/2019\/10\/logo.png\",\"width\":283,\"height\":79,\"caption\":\"Clinique cardiologique de Laval\"},\"image\":{\"@id\":\"https:\/\/www.cardiolaval.com\/en\/#\/schema\/logo\/image\/\"}}]}<\/script>\n<!-- \/ Yoast SEO plugin. -->","yoast_head_json":{"title":"Services - Clinique cardiologique de Laval","robots":{"index":"index","follow":"follow","max-snippet":"max-snippet:-1","max-image-preview":"max-image-preview:large","max-video-preview":"max-video-preview:-1"},"canonical":"https:\/\/www.cardiolaval.com\/en\/services\/","og_locale":"en_US","og_type":"article","og_title":"Services - Clinique cardiologique de Laval","og_description":"ServicesAu service de la sant\u00e9 de votre c\u0153ur La Clinique cardiologique de Laval intervient dans le diagnostic, le traitement et le suivi des maladies cardiovasculaires \u00e0 la demande de votre m\u00e9decin de famille. Que vous ayez \u00e9t\u00e9 hospitalis\u00e9 pour un probl\u00e8me cardiaque ou que vous pr\u00e9sentiez des sympt\u00f4mes tels qu\u2019essoufflement \u00e0 l\u2019effort ou palpitations du [&hellip;]","og_url":"https:\/\/www.cardiolaval.com\/en\/services\/","og_site_name":"Clinique cardiologique de Laval","article_modified_time":"2020-03-04T22:33:56+00:00","twitter_card":"summary_large_image","twitter_misc":{"Est. reading time":"5 minutes"},"schema":{"@context":"https:\/\/schema.org","@graph":[{"@type":"WebPage","@id":"https:\/\/www.cardiolaval.com\/en\/services\/","url":"https:\/\/www.cardiolaval.com\/en\/services\/","name":"Services - Clinique cardiologique de Laval","isPartOf":{"@id":"https:\/\/www.cardiolaval.com\/en\/#website"},"datePublished":"2019-10-10T20:58:22+00:00","dateModified":"2020-03-04T22:33:56+00:00","breadcrumb":{"@id":"https:\/\/www.cardiolaval.com\/en\/services\/#breadcrumb"},"inLanguage":"en-US","potentialAction":[{"@type":"ReadAction","target":["https:\/\/www.cardiolaval.com\/en\/services\/"]}]},{"@type":"BreadcrumbList","@id":"https:\/\/www.cardiolaval.com\/en\/services\/#breadcrumb","itemListElement":[{"@type":"ListItem","position":1,"name":"Accueil","item":"https:\/\/www.cardiolaval.com\/en\/"},{"@type":"ListItem","position":2,"name":"Services"}]},{"@type":"WebSite","@id":"https:\/\/www.cardiolaval.com\/en\/#website","url":"https:\/\/www.cardiolaval.com\/en\/","name":"Clinique cardiologique de Laval","description":"L&#039;expertise au coeur de votre sant\u00e9","publisher":{"@id":"https:\/\/www.cardiolaval.com\/en\/#organization"},"potentialAction":[{"@type":"SearchAction","target":{"@type":"EntryPoint","urlTemplate":"https:\/\/www.cardiolaval.com\/en\/?s={search_term_string}"},"query-input":{"@type":"PropertyValueSpecification","valueRequired":true,"valueName":"search_term_string"}}],"inLanguage":"en-US"},{"@type":"Organization","@id":"https:\/\/www.cardiolaval.com\/en\/#organization","name":"Clinique cardiologique de Laval","url":"https:\/\/www.cardiolaval.com\/en\/","logo":{"@type":"ImageObject","inLanguage":"en-US","@id":"https:\/\/www.cardiolaval.com\/en\/#\/schema\/logo\/image\/","url":"https:\/\/www.cardiolaval.com\/wp-content\/uploads\/2019\/10\/logo.png","contentUrl":"https:\/\/www.cardiolaval.com\/wp-content\/uploads\/2019\/10\/logo.png","width":283,"height":79,"caption":"Clinique cardiologique de Laval"},"image":{"@id":"https:\/\/www.cardiolaval.com\/en\/#\/schema\/logo\/image\/"}}]}},"_links":{"self":[{"href":"https:\/\/www.cardiolaval.com\/en\/wp-json\/wp\/v2\/pages\/49","targetHints":{"allow":["GET"]}}],"collection":[{"href":"https:\/\/www.cardiolaval.com\/en\/wp-json\/wp\/v2\/pages"}],"about":[{"href":"https:\/\/www.cardiolaval.com\/en\/wp-json\/wp\/v2\/types\/page"}],"author":[{"embeddable":true,"href":"https:\/\/www.cardiolaval.com\/en\/wp-json\/wp\/v2\/users\/1"}],"replies":[{"embeddable":true,"href":"https:\/\/www.cardiolaval.com\/en\/wp-json\/wp\/v2\/comments?post=49"}],"version-history":[{"count":2,"href":"https:\/\/www.cardiolaval.com\/en\/wp-json\/wp\/v2\/pages\/49\/revisions"}],"predecessor-version":[{"id":402,"href":"https:\/\/www.cardiolaval.com\/en\/wp-json\/wp\/v2\/pages\/49\/revisions\/402"}],"wp:attachment":[{"href":"https:\/\/www.cardiolaval.com\/en\/wp-json\/wp\/v2\/media?parent=49"}],"curies":[{"name":"wp","href":"https:\/\/api.w.org\/{rel}","templated":true}]}}